{"id":39,"date":"2011-02-10T20:35:19","date_gmt":"2011-02-10T20:35:19","guid":{"rendered":"http:\/\/localhost\/wordpress\/?page_id=39"},"modified":"2011-03-25T19:10:32","modified_gmt":"2011-03-25T18:10:32","slug":"mitglied-werden","status":"publish","type":"page","link":"http:\/\/www.bv-kienberg.de\/?page_id=39","title":{"rendered":"Mitglied werden"},"content":{"rendered":"<p>Hier findet Ihr unsere Beitrittserklaerung als PDF-Datei zum Herunterladen. Die ausgef\u00fcllte Beitrittserkl\u00e4rung k\u00f6nnt Ihr bei den Vorst\u00e4nden in den Briefkasten werfen oder zu einer unserer Veranstaltungen mitbringen und dort abgeben.<\/p>\n<p><a href=\".\/wp-content\/uploads\/2011\/02\/BV-Beitrittserklaerung-a5.pdf\">Beitrittserklaerung<\/a><\/p>\n","protected":false},"excerpt":{"rendered":"<p>Hier findet Ihr unsere Beitrittserklaerung als PDF-Datei zum Herunterladen. Die ausgef\u00fcllte Beitrittserkl\u00e4rung k\u00f6nnt Ihr bei den Vorst\u00e4nden in den Briefkasten werfen oder zu einer unserer Veranstaltungen mitbringen und dort abgeben. Beitrittserklaerung<\/p>\n","protected":false},"author":1,"featured_media":0,"parent":0,"menu_order":30,"comment_status":"closed","ping_status":"closed","template":"onecolumn-page.php","meta":{"footnotes":""},"class_list":["post-39","page","type-page","status-publish","hentry"],"_links":{"self":[{"href":"http:\/\/www.bv-kienberg.de\/index.php?rest_route=\/wp\/v2\/pages\/39","targetHints":{"allow":["GET"]}}],"collection":[{"href":"http:\/\/www.bv-kienberg.de\/index.php?rest_route=\/wp\/v2\/pages"}],"about":[{"href":"http:\/\/www.bv-kienberg.de\/index.php?rest_route=\/wp\/v2\/types\/page"}],"author":[{"embeddable":true,"href":"http:\/\/www.bv-kienberg.de\/index.php?rest_route=\/wp\/v2\/users\/1"}],"replies":[{"embeddable":true,"href":"http:\/\/www.bv-kienberg.de\/index.php?rest_route=%2Fwp%2Fv2%2Fcomments&post=39"}],"version-history":[{"count":24,"href":"http:\/\/www.bv-kienberg.de\/index.php?rest_route=\/wp\/v2\/pages\/39\/revisions"}],"predecessor-version":[{"id":1065,"href":"http:\/\/www.bv-kienberg.de\/index.php?rest_route=\/wp\/v2\/pages\/39\/revisions\/1065"}],"wp:attachment":[{"href":"http:\/\/www.bv-kienberg.de\/index.php?rest_route=%2Fwp%2Fv2%2Fmedia&parent=39"}],"curies":[{"name":"wp","href":"https:\/\/api.w.org\/{rel}","templated":true}]}}