{"id":30,"date":"2011-02-10T20:27:27","date_gmt":"2011-02-10T20:27:27","guid":{"rendered":"http:\/\/localhost\/wordpress\/?page_id=30"},"modified":"2025-01-19T21:12:37","modified_gmt":"2025-01-19T20:12:37","slug":"termine","status":"publish","type":"page","link":"http:\/\/www.bv-kienberg.de\/?page_id=30","title":{"rendered":"Termine"},"content":{"rendered":"<p><strong>Termine 2025<\/strong><br \/>25. Januar Faschingsburschenfest Dorfmatratzen Hiabading<br \/>15. Februar Faschingsumzug Traunwalchen<br \/>22. Februar Nachtfaschingszug Trostberg<br \/>01. M\u00e4rz Faschingsumzug Waldkraiburg<br \/>02. M\u00e4rz Faschingsumzug Traunreut<br \/>04. M\u00e4rz Faschingsumzug Peterskirchen<br \/>15. M\u00e4rz Winterrodeln<br \/>18. April Steckerlfischgrillen<br \/>25. Mai Burschenfest in St. Wolfgang<br \/>06. Juli Kriegerwallfahrt nach Maria Eck<br \/>26. Juli Dorffest Kienberg<br \/>03. August Burschengaufest Surheim<br \/>08. &#8211; 09. November Burschenausflug<br \/>19. Dezember Weihnachtsfeier<\/p>\n\n\n<p><\/p>\n","protected":false},"excerpt":{"rendered":"<p>Termine 202525. Januar Faschingsburschenfest Dorfmatratzen Hiabading15. Februar Faschingsumzug Traunwalchen22. Februar Nachtfaschingszug Trostberg01. M\u00e4rz Faschingsumzug Waldkraiburg02. M\u00e4rz Faschingsumzug Traunreut04. M\u00e4rz Faschingsumzug Peterskirchen15. M\u00e4rz Winterrodeln18. April Steckerlfischgrillen25. Mai Burschenfest in St. Wolfgang06. Juli Kriegerwallfahrt nach Maria Eck26. Juli Dorffest Kienberg03. August Burschengaufest &hellip; <a href=\"http:\/\/www.bv-kienberg.de\/?page_id=30\">Weiterlesen <span class=\"meta-nav\">&rarr;<\/span><\/a><\/p>\n","protected":false},"author":1,"featured_media":0,"parent":0,"menu_order":40,"comment_status":"closed","ping_status":"closed","template":"onecolumn-page.php","meta":{"footnotes":""},"class_list":["post-30","page","type-page","status-publish","hentry"],"_links":{"self":[{"href":"http:\/\/www.bv-kienberg.de\/index.php?rest_route=\/wp\/v2\/pages\/30","targetHints":{"allow":["GET"]}}],"collection":[{"href":"http:\/\/www.bv-kienberg.de\/index.php?rest_route=\/wp\/v2\/pages"}],"about":[{"href":"http:\/\/www.bv-kienberg.de\/index.php?rest_route=\/wp\/v2\/types\/page"}],"author":[{"embeddable":true,"href":"http:\/\/www.bv-kienberg.de\/index.php?rest_route=\/wp\/v2\/users\/1"}],"replies":[{"embeddable":true,"href":"http:\/\/www.bv-kienberg.de\/index.php?rest_route=%2Fwp%2Fv2%2Fcomments&post=30"}],"version-history":[{"count":154,"href":"http:\/\/www.bv-kienberg.de\/index.php?rest_route=\/wp\/v2\/pages\/30\/revisions"}],"predecessor-version":[{"id":1904,"href":"http:\/\/www.bv-kienberg.de\/index.php?rest_route=\/wp\/v2\/pages\/30\/revisions\/1904"}],"wp:attachment":[{"href":"http:\/\/www.bv-kienberg.de\/index.php?rest_route=%2Fwp%2Fv2%2Fmedia&parent=30"}],"curies":[{"name":"wp","href":"https:\/\/api.w.org\/{rel}","templated":true}]}}